{"id":20,"date":"2019-10-22T11:02:14","date_gmt":"2019-10-22T09:02:14","guid":{"rendered":"https:\/\/www.usc-dolorssabate.es\/?page_id=20"},"modified":"2025-02-21T12:35:57","modified_gmt":"2025-02-21T11:35:57","slug":"dolors-sabate","status":"publish","type":"page","link":"https:\/\/www.usc-dolorssabate.es\/","title":{"rendered":"Vita"},"content":{"rendered":"<p><div class=\"fusion-fullwidth fullwidth-box fusion-builder-row-1 nonhundred-percent-fullwidth non-hundred-percent-height-scrolling fusion-equal-height-columns\" style=\"--awb-border-radius-top-left:0px;--awb-border-radius-top-right:0px;--awb-border-radius-bottom-right:0px;--awb-border-radius-bottom-left:0px;--awb-flex-wrap:wrap;\" ><div class=\"fusion-builder-row fusion-row\"><div class=\"fusion-layout-column fusion_builder_column fusion-builder-column-0 fusion_builder_column_1_4 1_4 fusion-one-fourth fusion-column-first\" style=\"--awb-bg-size:cover;--awb-margin-top:110px;width:25%;width:calc(25% - ( ( 4% ) * 0.25 ) );margin-right: 4%;\" data-scroll-devices=\"small-visibility,medium-visibility,large-visibility\"><div class=\"fusion-column-wrapper fusion-column-has-shadow fusion-flex-column-wrapper-legacy\"><div class=\"fusion-column-content-centered\"><div class=\"fusion-column-content\"><div class=\"fusion-image-element in-legacy-container\" style=\"--awb-caption-title-font-family:var(--h2_typography-font-family);--awb-caption-title-font-weight:var(--h2_typography-font-weight);--awb-caption-title-font-style:var(--h2_typography-font-style);--awb-caption-title-size:var(--h2_typography-font-size);--awb-caption-title-transform:var(--h2_typography-text-transform);--awb-caption-title-line-height:var(--h2_typography-line-height);--awb-caption-title-letter-spacing:var(--h2_typography-letter-spacing);\"><span class=\" fusion-imageframe imageframe-none imageframe-1 hover-type-none\"><img decoding=\"async\" width=\"738\" height=\"1290\" title=\"Dolors_Sabate_foto_2024\" src=\"https:\/\/www.usc-dolorssabate.es\/wp-content\/uploads\/2025\/02\/Dolors_Sabate_foto_2024-e1739957937495.jpeg\" alt class=\"img-responsive wp-image-1008\" srcset=\"https:\/\/www.usc-dolorssabate.es\/wp-content\/uploads\/2025\/02\/Dolors_Sabate_foto_2024-e1739957937495-200x350.jpeg 200w, https:\/\/www.usc-dolorssabate.es\/wp-content\/uploads\/2025\/02\/Dolors_Sabate_foto_2024-e1739957937495-400x699.jpeg 400w, https:\/\/www.usc-dolorssabate.es\/wp-content\/uploads\/2025\/02\/Dolors_Sabate_foto_2024-e1739957937495-600x1049.jpeg 600w, https:\/\/www.usc-dolorssabate.es\/wp-content\/uploads\/2025\/02\/Dolors_Sabate_foto_2024-e1739957937495.jpeg 738w\" sizes=\"(max-width: 800px) 100vw, 400px\" \/><\/span><\/div><\/div><\/div><div class=\"fusion-clearfix\"><\/div><\/div><\/div><div class=\"fusion-layout-column fusion_builder_column fusion-builder-column-1 fusion_builder_column_3_4 3_4 fusion-three-fourth fusion-column-last\" style=\"--awb-bg-size:cover;--awb-margin-top:100px;width:75%;width:calc(75% - ( ( 4% ) * 0.75 ) );\"><div class=\"fusion-column-wrapper fusion-column-has-shadow fusion-flex-column-wrapper-legacy\"><div class=\"fusion-column-content-centered\"><div class=\"fusion-column-content\"><div class=\"fusion-text fusion-text-1\"><p style=\"text-align: justify;\"><span style=\"font-weight: 400;\">Me doctor\u00e9 en Filolog\u00eda Alemana por <\/span>la\u00a0<a href=\"https:\/\/www.ub.edu\/web\/ub\/ca\/universitat\/campus_fac_dep\/departaments\/l\/depllengueslitmodernestudisanglesos.html\">Universidad de Barcelona<\/a> y complet\u00e9 mi formaci\u00f3n acad\u00e9mica y cient\u00edfica en la <a href=\"https:\/\/www.ph-ludwigsburg.de\/\">P\u00e4dagogische Hochschule de Ludwigsburg<\/a>, la <a href=\"https:\/\/idsl1.phil-fak.uni-koeln.de\/\">Universit\u00e4t zu K\u00f6ln<\/a> y la <a href=\"https:\/\/www.uni-bamberg.de\/romanistik\/\">Otto-Friedrich-Universit\u00e4t Bamberg<\/a>. Mi investigaci\u00f3n se centra en la literatura en lengua alemana moderna y contempor\u00e1nea desde una perspectiva intercultural, postcolonial y de g\u00e9nero. En la actualidad ocupo una C\u00e1tedra de Filolog\u00eda alemana en el Departamento de Filolog\u00eda inglesa y alemana de la Universidad de Santiago de Compostela.<\/p>\n<p style=\"text-align: justify;\"><span style=\"font-weight: 400;\">He participado en numerosos foros internacionales de prestigio relacionados con mi especialidad y he sido investigadora invitada en conferencias y eventos acad\u00e9micos de alto nivel. <\/span><span style=\"font-weight: 400;\">Cuento con una amplia trayectoria en la direcci\u00f3n, gesti\u00f3n y evaluaci\u00f3n de proyectos de investigaci\u00f3n, as\u00ed como en la supervisi\u00f3n de programas de doctorado y en la coordinaci\u00f3n de intercambios acad\u00e9micos de movilidad \u2013 Erasmus+, Seneca y otro tipo de acuerdos bilaterales -. Adem\u00e1s, poseo una extensa experiencia en la evaluaci\u00f3n, asesoramiento y redacci\u00f3n de informes cient\u00edfico-t\u00e9cnicos para agencias estatales y regionales, servicios de intercambio acad\u00e9mico y revistas de prestigio indexadas en repertorios de referencia.<\/span><\/p>\n<p style=\"text-align: justify;\"><span style=\"font-weight: 400;\">He sido becaria del DAAD en el marco de sus programas de movilidad para investigadores senior, as\u00ed como del programa del Ministerio de Universidades para estancias de profesores e investigadores en centros extranjeros y del programa Salvador de Madariaga. Adem\u00e1s, he formado parte como <em>fellow<\/em> del programa <em>Miller Fellowships in Exile Studies<\/em> en el <em>Institute of Languages, Cultures and Societies<\/em> de la <a href=\"https:\/\/www.london.ac.uk\/\">University of London<\/a>.<\/span><\/p>\n<p style=\"text-align: justify;\"><span style=\"font-weight: 400;\">Mis colaboraciones internacionales y experiencias de movilidad en Europa, Asia Central, Am\u00e9rica Latina, Sud\u00e1frica y Oriente Medio han sido fundamentales para consolidar mi formaci\u00f3n cient\u00edfica y acad\u00e9mica, al tiempo que han enriquecido mi comprensi\u00f3n del mundo, aport\u00e1ndome nuevos paradigmas de conocimiento.<\/span><\/p>\n<\/div><div class=\"fusion-image-element fusion-image-align-left in-legacy-container\" style=\"text-align:left;--awb-bottom-shadow-color:rgba(0,0,0,0.4);--awb-caption-title-font-family:var(--h2_typography-font-family);--awb-caption-title-font-weight:var(--h2_typography-font-weight);--awb-caption-title-font-style:var(--h2_typography-font-style);--awb-caption-title-size:var(--h2_typography-font-size);--awb-caption-title-transform:var(--h2_typography-text-transform);--awb-caption-title-line-height:var(--h2_typography-line-height);--awb-caption-title-letter-spacing:var(--h2_typography-letter-spacing);\"><div class=\"awb-image-frame awb-image-frame-2 awb-bottomshadow\"><span class=\" fusion-imageframe imageframe-bottomshadow imageframe-2 hover-type-none\"><a class=\"fusion-no-lightbox\" href=\"https:\/\/www.usc-dolorssabate.es\/index.php\/vita\/\" target=\"_self\" aria-label=\"More (4)\"><img decoding=\"async\" width=\"76\" height=\"21\" src=\"https:\/\/www.usc-dolorssabate.es\/wp-content\/uploads\/2025\/02\/More-4-e1740129928344.png\" alt class=\"img-responsive wp-image-1431\"\/><\/a><\/span><svg xmlns=\"http:\/\/www.w3.org\/2000\/svg\" version=\"1.1\" width=\"100%\" viewBox=\"0 0 600 28\" preserveAspectRatio=\"none\"><g clip-path=\"url(#a)\"><mask id=\"b\" style=\"mask-type:luminance\" maskUnits=\"userSpaceOnUse\" x=\"0\" y=\"0\" width=\"600\" height=\"28\"><path d=\"M0 0h600v28H0V0Z\" fill=\"#fff\"\/><\/mask><g filter=\"url(#c)\" mask=\"url(#b)\"><path d=\"M16.439-18.667h567.123v30.8S438.961-8.4 300-8.4C161.04-8.4 16.438 12.133 16.438 12.133v-30.8Z\" fill=\"#000\"\/><\/g><\/g><defs><clipPath id=\"a\"><path fill=\"#fff\" d=\"M0 0h600v28H0z\"\/><\/clipPath><filter id=\"c\" x=\"5.438\" y=\"-29.667\" width=\"589.123\" height=\"52.8\" filterUnits=\"userSpaceOnUse\" color-interpolation-filters=\"sRGB\"><feFlood flood-opacity=\"0\" result=\"BackgroundImageFix\"\/><feBlend in=\"SourceGraphic\" in2=\"BackgroundImageFix\" result=\"shape\"\/><feGaussianBlur stdDeviation=\"5.5\" result=\"effect1_foregroundBlur_3983_183\"\/><\/filter><\/defs><\/svg><\/div><\/div><\/div><\/div><div class=\"fusion-clearfix\"><\/div><\/div><\/div><\/div><\/div><div class=\"fusion-fullwidth fullwidth-box fusion-builder-row-2 nonhundred-percent-fullwidth non-hundred-percent-height-scrolling\" style=\"--awb-border-radius-top-left:0px;--awb-border-radius-top-right:0px;--awb-border-radius-bottom-right:0px;--awb-border-radius-bottom-left:0px;--awb-flex-wrap:wrap;\" ><div class=\"fusion-builder-row fusion-row\"><div class=\"fusion-layout-column fusion_builder_column fusion-builder-column-2 fusion_builder_column_1_5 1_5 fusion-one-fifth fusion-column-first\" style=\"--awb-bg-size:cover;width:20%;width:calc(20% - ( ( 4% + 4% + 4% + 4% ) * 0.2 ) );margin-right: 4%;\"><div class=\"fusion-column-wrapper fusion-column-has-shadow fusion-flex-column-wrapper-legacy\"><div class=\"fusion-clearfix\"><\/div><\/div><\/div><div class=\"fusion-layout-column fusion_builder_column fusion-builder-column-3 fusion_builder_column_1_5 1_5 fusion-one-fifth\" style=\"--awb-bg-size:cover;width:20%;width:calc(20% - ( ( 4% + 4% + 4% + 4% ) * 0.2 ) );margin-right: 4%;\"><div class=\"fusion-column-wrapper fusion-column-has-shadow fusion-flex-column-wrapper-legacy\"><div class=\"fusion-clearfix\"><\/div><\/div><\/div><div class=\"fusion-layout-column fusion_builder_column fusion-builder-column-4 fusion_builder_column_1_5 1_5 fusion-one-fifth\" style=\"--awb-bg-size:cover;width:20%;width:calc(20% - ( ( 4% + 4% + 4% + 4% ) * 0.2 ) );margin-right: 4%;\"><div class=\"fusion-column-wrapper fusion-column-has-shadow fusion-flex-column-wrapper-legacy\"><div class=\"fusion-image-element fusion-image-align-center in-legacy-container\" style=\"text-align:center;--awb-caption-title-font-family:var(--h2_typography-font-family);--awb-caption-title-font-weight:var(--h2_typography-font-weight);--awb-caption-title-font-style:var(--h2_typography-font-style);--awb-caption-title-size:var(--h2_typography-font-size);--awb-caption-title-transform:var(--h2_typography-text-transform);--awb-caption-title-line-height:var(--h2_typography-line-height);--awb-caption-title-letter-spacing:var(--h2_typography-letter-spacing);\"><div class=\"imageframe-align-center\"><span class=\" fusion-imageframe imageframe-none imageframe-3 hover-type-none\"><img decoding=\"async\" width=\"32\" height=\"203\" title=\"SEPARADOR\" src=\"https:\/\/www.usc-dolorssabate.es\/wp-content\/uploads\/2019\/05\/SEPARADOR.png\" alt class=\"img-responsive wp-image-27\"\/><\/span><\/div><\/div><div class=\"fusion-clearfix\"><\/div><\/div><\/div><div class=\"fusion-layout-column fusion_builder_column fusion-builder-column-5 fusion_builder_column_1_5 1_5 fusion-one-fifth\" style=\"--awb-bg-size:cover;width:20%;width:calc(20% - ( ( 4% + 4% + 4% + 4% ) * 0.2 ) );margin-right: 4%;\"><div class=\"fusion-column-wrapper fusion-column-has-shadow fusion-flex-column-wrapper-legacy\"><div class=\"fusion-clearfix\"><\/div><\/div><\/div><div class=\"fusion-layout-column fusion_builder_column fusion-builder-column-6 fusion_builder_column_1_5 1_5 fusion-one-fifth fusion-column-last\" style=\"--awb-bg-size:cover;width:20%;width:calc(20% - ( ( 4% + 4% + 4% + 4% ) * 0.2 ) );\"><div class=\"fusion-column-wrapper fusion-column-has-shadow fusion-flex-column-wrapper-legacy\"><div class=\"fusion-clearfix\"><\/div><\/div><\/div><\/div><\/div><div class=\"fusion-fullwidth fullwidth-box fusion-builder-row-3 nonhundred-percent-fullwidth non-hundred-percent-height-scrolling\" style=\"--awb-border-radius-top-left:0px;--awb-border-radius-top-right:0px;--awb-border-radius-bottom-right:0px;--awb-border-radius-bottom-left:0px;--awb-flex-wrap:wrap;\" ><div class=\"fusion-builder-row fusion-row\"><div class=\"fusion-layout-column fusion_builder_column fusion-builder-column-7 fusion_builder_column_1_1 1_1 fusion-one-full fusion-column-first fusion-column-last\" style=\"--awb-bg-size:cover;\"><div class=\"fusion-column-wrapper fusion-column-has-shadow fusion-flex-column-wrapper-legacy\"><div class=\"fusion-text fusion-text-2\"><p style=\"text-align: center;\"><strong>Contacto<\/strong><\/p>\n<p style=\"text-align: center;\"><strong><a href=\"mailto:dolors.sabate.planes@usc.es\" target=\"_blank\" rel=\"nofollow noopener noreferrer\">dolors.sabate.planes@usc.es<\/a><\/strong><\/p>\n<p style=\"text-align: center;\">Departamento de Filolog\u00eda Inglesa y Alemana<br \/>\nFacultad de Filolog\u00eda<br \/>\nBurgo das naci\u00f3ns s\/n. 15705<\/p>\n<p style=\"text-align: center;\"><a href=\"http:\/\/www.usc.es\/index.html\">Universidad de Santiago de Compostela<\/a><\/p>\n<\/div><div class=\"fusion-clearfix\"><\/div><\/div><\/div><\/div><\/div><footer class=\"fusion-fullwidth fullwidth-box fusion-builder-row-4 fusion-flex-container nonhundred-percent-fullwidth non-hundred-percent-height-scrolling\" style=\"--awb-border-radius-top-left:0px;--awb-border-radius-top-right:0px;--awb-border-radius-bottom-right:0px;--awb-border-radius-bottom-left:0px;--awb-flex-wrap:wrap;\" ><div class=\"fusion-builder-row fusion-row fusion-flex-align-items-center fusion-flex-content-wrap\" style=\"max-width:1144px;margin-left: calc(-4% \/ 2 );margin-right: calc(-4% \/ 2 );\"><div class=\"fusion-layout-column fusion_builder_column fusion-builder-column-8 fusion_builder_column_1_1 1_1 fusion-flex-column fusion-flex-align-self-center\" style=\"--awb-padding-right:20px;--awb-bg-size:cover;--awb-width-large:100%;--awb-margin-top-large:0px;--awb-spacing-right-large:1.92%;--awb-margin-bottom-large:20px;--awb-spacing-left-large:1.92%;--awb-width-medium:100%;--awb-order-medium:0;--awb-spacing-right-medium:1.92%;--awb-spacing-left-medium:1.92%;--awb-width-small:100%;--awb-order-small:0;--awb-spacing-right-small:1.92%;--awb-spacing-left-small:1.92%;\"><div class=\"fusion-column-wrapper fusion-column-has-shadow fusion-flex-justify-content-flex-start fusion-content-layout-column\"><\/div><\/div><\/div><\/footer><\/p>\n","protected":false},"excerpt":{"rendered":"","protected":false},"author":1,"featured_media":0,"parent":0,"menu_order":0,"comment_status":"closed","ping_status":"closed","template":"100-width.php","meta":{"footnotes":""},"class_list":["post-20","page","type-page","status-publish","hentry"],"_links":{"self":[{"href":"https:\/\/www.usc-dolorssabate.es\/index.php\/wp-json\/wp\/v2\/pages\/20","targetHints":{"allow":["GET"]}}],"collection":[{"href":"https:\/\/www.usc-dolorssabate.es\/index.php\/wp-json\/wp\/v2\/pages"}],"about":[{"href":"https:\/\/www.usc-dolorssabate.es\/index.php\/wp-json\/wp\/v2\/types\/page"}],"author":[{"embeddable":true,"href":"https:\/\/www.usc-dolorssabate.es\/index.php\/wp-json\/wp\/v2\/users\/1"}],"replies":[{"embeddable":true,"href":"https:\/\/www.usc-dolorssabate.es\/index.php\/wp-json\/wp\/v2\/comments?post=20"}],"version-history":[{"count":34,"href":"https:\/\/www.usc-dolorssabate.es\/index.php\/wp-json\/wp\/v2\/pages\/20\/revisions"}],"predecessor-version":[{"id":1256,"href":"https:\/\/www.usc-dolorssabate.es\/index.php\/wp-json\/wp\/v2\/pages\/20\/revisions\/1256"}],"wp:attachment":[{"href":"https:\/\/www.usc-dolorssabate.es\/index.php\/wp-json\/wp\/v2\/media?parent=20"}],"curies":[{"name":"wp","href":"https:\/\/api.w.org\/{rel}","templated":true}]}}