{"id":62,"date":"2019-05-20T20:01:45","date_gmt":"2019-05-20T18:01:45","guid":{"rendered":"https:\/\/www.usc-dolorssabate.es\/?page_id=62"},"modified":"2026-01-05T12:54:33","modified_gmt":"2026-01-05T11:54:33","slug":"otras-publicaciones","status":"publish","type":"page","link":"https:\/\/www.usc-dolorssabate.es\/index.php\/otras-publicaciones\/","title":{"rendered":"otras publicaciones"},"content":{"rendered":"<p><div class=\"fusion-fullwidth fullwidth-box fusion-builder-row-1 nonhundred-percent-fullwidth non-hundred-percent-height-scrolling\" style=\"--awb-border-radius-top-left:0px;--awb-border-radius-top-right:0px;--awb-border-radius-bottom-right:0px;--awb-border-radius-bottom-left:0px;--awb-flex-wrap:wrap;\" ><div class=\"fusion-builder-row fusion-row\"><div class=\"fusion-layout-column fusion_builder_column fusion-builder-column-0 fusion_builder_column_1_1 1_1 fusion-one-full fusion-column-first fusion-column-last\" style=\"--awb-bg-size:cover;\"><div class=\"fusion-column-wrapper fusion-column-has-shadow fusion-flex-column-wrapper-legacy\"><div class=\"fusion-text fusion-text-1\"><hr \/>\n<ul>\n<li>\n<h3 style=\"text-align: justify;\"><strong><span style=\"color: #0000ff;\"><a href=\"https:\/\/www.peterlang.com\/document\/1319687\"><span style=\"color: #0000ff;\"><span style=\"color: #1441c9;\">\u201cVulnerabilidad, subalternidad y memoria en <i>Wie das Soldat das Grammofon repariert<\/i>, de Sa\u0161a Stani\u0161i\u0107\u201d<\/span><\/span><\/a><\/span>.<\/strong> En: Maldonado Alem\u00e1n, Manuel; Borrero Zapata, V\u00edctor Manuel, Hinojosa Pic\u00f3n, Olga (eds.) <i>Hybridit\u00e4t und Transkulturalit\u00e4t in deutschsprachigen Gegenwartsromanen \/ Hibridismo y transculturalidad en la narrativa actual en lengua alemana<\/i><em>, <\/em>Peter Lang, 2025, pp. 93-108.<\/h3>\n<\/li>\n<li>\n<h3 style=\"text-align: justify;\"><strong style=\"font-size: 16px;\"><span style=\"color: #0000ff;\"><a href=\"https:\/\/link.springer.com\/book\/10.1007\/978-3-662-71865-0\"><span style=\"color: #1441c9;\">\u201c<\/span><\/a><\/span><\/strong><span style=\"color: #0000ff;\"><a href=\"https:\/\/link.springer.com\/book\/10.1007\/978-3-662-71865-0\"><strong><span style=\"color: #1441c9;\">Javier Mar\u00edas: <em>Todas las almas<\/em><\/span><\/strong><\/a><\/span><span style=\"font-weight: 400;\"><span style=\"color: #0000ff;\"><span style=\"color: #000080;\"><strong>\u201d.<\/strong><\/span><\/span>\u00a0En: Grugger, Helmut y Neuhaus, Stefan (ed.) <\/span><i>Der Campusroman. Texten \u2013 Theorien \u2013 Traditionen<\/i>. Metzler, 2025, pp. 657-661.<\/h3>\n<\/li>\n<li>\n<h3 style=\"text-align: justify;\"><strong><span style=\"color: #0000ff;\"><a href=\"https:\/\/www.upf.edu\/es\/web\/humanitats\/proyectos-investigacion\/-\/asset_publisher\/hm2JAMyOEdJi\/content\/pioneras-en-la-critica-de-la-vida-cotidiana-retrato-existencial-y-mirada-micrologica-de-lo-cotidiano-en-las-atentas-cronistas-en-lengua-alemana-del-pe\/maximized\"><span style=\"color: #1441c9;\">\u201cLa mirada a la Alemania de entreguerras de Paula Schlier: entre el escrutinio y la visi\u00f3n<\/span><\/a><\/span><\/strong><span style=\"font-weight: 400;\"><span style=\"color: #0000ff;\"><strong><span style=\"color: #000080;\">\u201d<\/span><\/strong>.<\/span> En: Teresa Vinardell Puig, Sonia Arribas, Roc\u00edo Sola Jim\u00e9nez (eds.)<i> Atentas: Pioneras en la cr\u00edtica de la vida cotidiana<\/i>. Ed. Dykinson, 2025, pp. 67-74.<\/span><\/h3>\n<\/li>\n<li>\n<h3 style=\"text-align: justify;\"><strong><span style=\"color: #0000ff;\"><a href=\"https:\/\/link.springer.com\/book\/9783662727874\"><span style=\"color: #1441c9;\">\u201cAurora Bertrana und Erna Pinner: Unterwegs im Orient als K\u00fcnstlerinnen<\/span><\/a><\/span><\/strong><span style=\"font-weight: 400;\"><span style=\"color: #0000ff;\"><strong><span style=\"color: #000080;\">\u201d<\/span><\/strong>.<\/span> En: Holdenried, Michela; Rindele, Hanna y Stein, Jeremias (Eds.) <i>Reiseansichten. K\u00fcnstler:innen- und Forschungsreisen in der Literatur. <\/i>Springer, 2025, Berlin (en prensa).<\/span><\/h3>\n<\/li>\n<li>\n<h3 style=\"text-align: justify;\"><span style=\"color: #0000ff;\"><a href=\"https:\/\/papiro.unizar.es\/ojs\/index.php\/tropelias\/article\/view\/10989\"><span style=\"color: #0000ff;\"><strong><span style=\"color: #1441c9;\">El disciplinamiento de la alteridad en el Bildungsroman de autor\u00eda femenina<\/span><\/strong><\/span><\/a><\/span>. En: Fern\u00e1ndez Folgueiras, Erea; Navacerrada Andrea (eds.). Otra educaci\u00f3n sentimental: formas y relatos para otras vidas. Tropel\u00edas. Revista de Teor\u00eda de la Literatura y Literatura Comparada<em>,<\/em> 43, 2025, 9 \u2013 20.<\/h3>\n<\/li>\n<li>\n<h3 style=\"text-align: justify;\"><strong><a href=\"https:\/\/www.usc-dolorssabate.es\/wp-content\/uploads\/2025\/02\/Literarische_Variationen_des_Prinzip_Hoffnung_bei_lenka_reinerova.pdf\"><span style=\"color: #0000ff;\"><span style=\"color: #1441c9;\">Literarische Variationen des \u201ePrinzip Hoffnung\u201c bei Lenka Reinerov\u00e1<\/span><\/span><\/a>.<\/strong> En: Ca\u00f1adas Garc\u00eda, Teresa; G\u00f3mez Garc\u00eda, Carmen; Maedig, Linda (Hrg.). <em>Revolution! Deutschsprachige Kulturen im Umbruch 1918 \u2013 1968<\/em>. Erich Schmidt. G\u00f6ttingen, 2023, 139 \u2013 148.<\/h3>\n<\/li>\n<li>\n<h3 style=\"text-align: justify;\"><strong><span style=\"color: #0000ff;\"><a style=\"color: #0000ff;\" href=\"https:\/\/www.degruyter.com\/document\/doi\/10.1515\/anger-2023-0006\/html?lang=de&amp;srsltid=AfmBOop9ZCkdqKVQiuCR9unoCyACLx_U7G7YGQY1lTjjw1ePAAWIlVwA\"><span style=\"color: #1441c9;\">Erna Pinner und Julian Huxley. Konstellationen des naturalistischen Diskurses im britischen Exil<\/span><\/a><\/span>.<\/strong>\u00a0 En: Angermion. Yearbook for Anglo-German Literary Criticism, Intellectual History and Cultural Transfers \/ Jahrbuch f\u00fcr britisch-deutsche Kulturbeziehungen. 2023, 169 \u2013 182.<\/h3>\n<\/li>\n<li>\n<h3 style=\"text-align: justify;\"><strong><a href=\"https:\/\/www.usc-dolorssabate.es\/wp-content\/uploads\/2025\/02\/Urbanitzky-Revista-sudafrica-1.pdf\"><span style=\"color: #0000ff;\"><span style=\"color: #1441c9;\">Grete von Urbanitzky&#8217;s Bildungsroman <em>Eine Frau erlebt die Welt<\/em> as a breeding programme of female peripheral alterity<\/span><\/span><\/a>.<\/strong> En: van den Berg, Cillier (ed.). <em>Acta Germanica. German Studies in Africa &#8211; Jahrbuch des Germanistenverbandes im s\u00fcdlichen Afrika\/Journal of the Association for German Studies in Southern Africa<\/em>. Peter Lang, 2023, 216 \u2013 225.<\/h3>\n<\/li>\n<li>\n<h3 style=\"text-align: justify;\"><strong><a href=\"https:\/\/library.oapen.org\/bitstream\/handle\/20.500.12657\/60729\/9783034345705.pdf%3Bjsessionid%3D75EB8630710C7CAC2E97BC0D3B96E647?sequence=1\"><span style=\"color: #1441c9;\">Bild und Schrift im erz\u00e4hlerischen Werk Erna Pinners<\/span><\/a>.<\/strong> En: Godlewicz- Adamiec, Joanna; Piszczatowski, Pawe\u0142; Planes Sabat\u00e9, Dolors\u00a0 (Hrg.).<span style=\"color: #000000;\"> Jahrbuch f\u00fcr internationale Germanistik<\/span><strong>.<\/strong> Wege der Germanistik in transkultureller Perspektive. Entgrenzte Literatur. Kontextbezogene Textbetrachtungen aus interkultureller Sicht. 2022, 187 \u2013 199.<\/h3>\n<\/li>\n<li>\n<h3 style=\"text-align: justify;\"><span style=\"color: #1441c9;\"><strong><a style=\"color: #1441c9;\" href=\"https:\/\/www.usc-dolorssabate.es\/wp-content\/uploads\/2025\/02\/Definieren_grentz_an_Unterhohlen_und_setzt_dem_Zugriff_der_Traume_aus.pdf\">\u201e<\/a><\/strong><strong><a style=\"color: #1441c9;\" href=\"https:\/\/www.usc-dolorssabate.es\/wp-content\/uploads\/2025\/02\/Definieren_grentz_an_Unterhohlen_und_setzt_dem_Zugriff_der_Traume_aus.pdf\">Definieren grenzt an Unterh\u00f6hlen und setzt dem Zugriff der Tr\u00e4ume aus<\/a><\/strong><strong><a style=\"color: #1441c9;\" href=\"https:\/\/www.usc-dolorssabate.es\/wp-content\/uploads\/2021\/01\/F%C3%BCr-ausgesprochen-missgestaltete-Tiere.pdf\">\u201d<\/a><\/strong><\/span><a href=\"https:\/\/www.usc-dolorssabate.es\/wp-content\/uploads\/2025\/02\/Definieren_grentz_an_Unterhohlen_und_setzt_dem_Zugriff_der_Traume_aus.pdf\"><strong><span style=\"color: #0000ff;\"><span style=\"color: #1441c9;\">. Magisch-realistische Konstellationen in Ilse Aichingers Kurzprosa<\/span>.<\/span><\/strong><\/a> En: Wilkes, Geoff (Hrg.). <em>Zwischen Abschied und Ankunft. Between Departure and Arrival. Ilse Aichinger\/ Helga Michie. <\/em>K\u00f6nigshausen &amp; Neumann. W\u00fcrzburg, 2021, 71 \u2013 81.<\/h3>\n<\/li>\n<li>\n<h3 style=\"text-align: justify;\"><span style=\"color: #1441c9;\"><strong><a style=\"color: #1441c9;\" href=\"https:\/\/www.usc-dolorssabate.es\/wp-content\/uploads\/2021\/01\/F%C3%BCr-ausgesprochen-missgestaltete-Tiere.pdf\">\u201e<\/a><\/strong><\/span><strong><span style=\"color: #1441c9;\"><a style=\"color: #1441c9;\" href=\"https:\/\/www.usc-dolorssabate.es\/wp-content\/uploads\/2021\/01\/F%C3%BCr-ausgesprochen-missgestaltete-Tiere.pdf\">\u2026\u2019f\u00fcr ausgesprochen mi\u03b2gestaltete Tiere ist in der Natur kein Platz\u2019. Bruch und Kontinuit\u00e4t in Erna Pinners Exilwerk Panorama des Lebens (1961)\u201d<\/a><\/span>.<\/strong>\u00a0 En<span style=\"font-weight: 400;\">: Blanco H\u00f6lscher, Margarita; Jurcic, Christina (Hrg.). <\/span><i><span style=\"font-weight: 400;\">Narrationen in Bewegung. <\/span><\/i><span style=\"font-weight: 400;\">Aisthesis Verlag. Bielefeld, 2019, 123 \u2013 134.<\/span><\/h3>\n<\/li>\n<li>\n<h3 style=\"text-align: justify;\"><strong><a href=\"https:\/\/www.usc-dolorssabate.es\/wp-content\/uploads\/2021\/01\/Rilkes-Aufnahme-der-spanischen-Malerei.pdf\"><span style=\"color: #0000ff;\"><span style=\"color: #1441c9;\">\u201e<\/span><\/span><\/a><\/strong><span style=\"color: #1441c9;\"><strong><a style=\"color: #1441c9;\" href=\"https:\/\/www.usc-dolorssabate.es\/wp-content\/uploads\/2021\/01\/Rilkes-Aufnahme-der-spanischen-Malerei.pdf\">Rilkes Aufnahme der spanischen Malerei. Variationen des Spanienbildes in der Literatur del Avantgarde\u201d<\/a><\/strong><\/span><span style=\"font-weight: 400;\"><strong>.<\/strong> En: Goldlewicz-Adamiec, Piszczatowski; Szybisty, Tomasz (Hrg.). <\/span><i>Literatur und Malerei<\/i><span style=\"font-weight: 400;\">. Universit\u00e4t Warschau, 2018, 131 \u2013 142.<\/span><\/h3>\n<\/li>\n<li>\n<h3 style=\"text-align: justify;\"><span style=\"color: #1441c9;\">\u00a0<strong><a style=\"color: #1441c9;\" href=\"https:\/\/www.usc-dolorssabate.es\/wp-content\/uploads\/2021\/01\/Bergen-von-ungeduld.pdf\">\u201e<\/a><\/strong><\/span><strong><span style=\"color: #1441c9;\"><a style=\"color: #1441c9;\" href=\"https:\/\/www.usc-dolorssabate.es\/wp-content\/uploads\/2021\/01\/Bergen-von-ungeduld.pdf\">Bergen von Ungeduld wachsen auf, gegen mein eigenes Herz\u201d. Mujeres escritoras del Expresionismo<\/a>.<\/span>\u00a0<\/strong><span style=\"font-weight: 400;\"> En: Mart\u00edn Mart\u00edn, Juan Manuel (Coord.). <\/span><em>Escritoras en lengua alemana. Renovaci\u00f3n del canon literario<strong>. <\/strong><\/em><span style=\"font-weight: 400;\">Comares. Granada, 2018, 89 \u2013 95.<\/span><\/h3>\n<\/li>\n<li>\n<h3 style=\"text-align: justify;\"><strong><span style=\"color: #0000ff;\"><a style=\"color: #0000ff;\" href=\"https:\/\/www.usc-dolorssabate.es\/wp-content\/uploads\/2021\/01\/Friedliche-Reisen-hochmutiger-Blick.pdf\"><span style=\"color: #1441c9;\">Friedliche Reisen, hochm\u00fctiger Blick. Das reisende Paar Erna Pinner und Kasimir Edschmid. Reiseliteratur der Moderne und Postmoderne.<\/span><\/a><\/span> <\/strong>En: Holdenried, Michaela; Honold, Alexander; Hermes, Stefan (Hrg.). <i>Reiseliteratur der Moderne und Postmoderne<\/i>. Erich Schmidt Verlag. Berlin, 2017, 81 \u2013 97.<\/h3>\n<\/li>\n<li>\n<h3 style=\"text-align: justify;\"><span style=\"color: #1441c9;\"><strong><a style=\"color: #1441c9;\" href=\"https:\/\/www.usc-dolorssabate.es\/wp-content\/uploads\/2021\/01\/Die-ideologische-Dimension-autobiographischer-Reiseberichte.pdf\">Die ideologische Dimension autobiographischer Reiseberichte. Erna Pinners Ich reise durch die Welt (1931).<\/a><\/strong> <\/span><span style=\"font-weight: 400;\">\u00a0En: <\/span><span style=\"font-weight: 400;\">Bascoy, M<\/span><span style=\"font-weight: 400;\">ontserrat; Silos, Lorena. <\/span><i><span style=\"font-weight: 400;\">Autobiographische Diskurse von Frauen (1900 \u2013 1950).<\/span><\/i><span style=\"font-weight: 400;\"> K\u00f6nigshausen Neumann. W\u00fcrzburg, 2017, 55 \u2013 65. <\/span><\/h3>\n<\/li>\n<li>\n<h3 style=\"text-align: justify;\"><span style=\"color: #1441c9;\"><strong>Topograf\u00eda cultural hisp\u00e1nica en la narrativa de viajes de Kasimir Edschmid.<\/strong><\/span> En: Raposo, Berta; Bernecker, Walter L (ed.). <strong><i>Spanische St\u00e4dte und Landschaften in der deutschen (Reise)literatur<\/i><\/strong>. Peter Lang. Frankfurt\/M, 2017, 235 \u2013 242.<\/h3>\n<\/li>\n<li>\n<h3 style=\"text-align: justify;\"><span style=\"font-weight: 400;\"><span style=\"color: #1441c9;\"><a style=\"color: #1441c9;\" href=\"https:\/\/www.usc-dolorssabate.es\/wp-content\/uploads\/2021\/01\/Traduttore_Traditore.pdf\"><strong>Valle-Incl\u00e1n al alem\u00e1n: \u00bf\u00bbtraduttore, traditore\u00bb?<\/strong><\/a> <\/span>Anales de literatura espa\u00f1ola contempor\u00e1nea, ALEC, 3, 2017, 135-146.<\/span><\/h3>\n<\/li>\n<li>\n<h3 style=\"text-align: justify;\"><strong><span style=\"color: #0000ff;\"><a style=\"color: #0000ff;\" href=\"https:\/\/www.usc-dolorssabate.es\/wp-content\/uploads\/2021\/01\/Es-ist-wohl-nur-eine-Zeitfrage.pdf\"><span style=\"color: #1441c9;\">\u201e\u2026es ist wohl nur noch eine Zeitfrage, da\u00df die schwarzen Frauen Afrikas eines Tages ihre Nasenringe ausziehen\u2026\u201c: Gender und Armut in Erna Pinners\u00a0Reisebericht <\/span><i><span style=\"color: #1441c9;\">Ich reise durch die Welt.<\/span> <\/i><\/a><\/span><\/strong>En: Loster-Schneider et al. (Hrg). <em>Gender und Armut in der Geschichte und in der Gegenwart.<\/em> Leipziger Universit\u00e4tsverlag, 2016, 293 \u2013 313.<\/h3>\n<\/li>\n<li>\n<h3 style=\"text-align: justify;\"><span style=\"color: #1441c9;\"><strong><a style=\"color: #1441c9;\" href=\"https:\/\/www.usc-dolorssabate.es\/wp-content\/uploads\/2021\/01\/Hedonismo-y-quimera-en-los-territorios-interiores.pdf\">Gertrud Kolmar (1884 \u2013 1943): hedonismo y quimera en los territorios interiores<\/a><\/strong><\/span><span style=\"font-weight: 400;\"><span style=\"color: #1441c9;\"><strong>.<\/strong><\/span> En: <\/span><span style=\"font-weight: 400;\">Sabat\u00e9, <\/span><span style=\"font-weight: 400;\">Dolors; Bascoy, Montserrat (ed.). <\/span><i>Cuando el destino es el desarraigo. Voces jud\u00edas femeninas en los umbrales del Holocausto<\/i><span style=\"font-weight: 400;\">. Biblioteca Nueva. Madrid, 2016, 217 \u2013 237.<\/span><\/h3>\n<\/li>\n<li>\n<h3 style=\"text-align: justify;\"><strong><span style=\"color: #0000ff;\"><a style=\"color: #0000ff;\" href=\"https:\/\/www.usc-dolorssabate.es\/wp-content\/uploads\/2021\/01\/El-discurso-de-la-desigualdad-Edschmidt.pdf\"><span style=\"color: #1441c9;\">El discurso de la desigualdad en la literatura de viajes de Kasimir Edschmid. Afrika nackt und angezogen (1929).<\/span><\/a><\/span><\/strong> <span style=\"font-weight: 400;\">En: Fern\u00e1ndez Bueno, Marta; Ubierto Llamas, Miriam; Maldonado Alem\u00e1n, Manuel; Capero Montesinos, Manuel (eds.). <\/span><strong><i>La literatura es algo m\u00e1s que el texto. Homenaje a Luis A. Acosta G\u00f3mez<\/i><\/strong><span style=\"font-weight: 400;\"><strong>.<\/strong> <\/span><span style=\"font-weight: 400;\">Peter Lang. <\/span><span style=\"font-weight: 400;\">Bern, 2016, 39 <\/span>\u2013 <span style=\"font-weight: 400;\">45.<\/span><\/h3>\n<\/li>\n<li style=\"text-align: justify;\">\n<h3 style=\"text-align: justify;\">Die Entwicklung der Gattungsgeschichte am Beispiel der Autobiographie. Estudios Filol\u00f3gicos Alemanes, 26, 2013, 115 \u2013 126.<\/h3>\n<\/li>\n<li style=\"text-align: justify;\">\n<h3 style=\"text-align: justify;\"><span style=\"color: #1441c9;\"><strong><a style=\"color: #1441c9;\" href=\"https:\/\/www.usc-dolorssabate.es\/wp-content\/uploads\/2021\/01\/Bettina-von-Arnim.-Entre-el-Volksk%C3%B6nigtum-y-el-activismo-social.pdf\" target=\"_blank\" rel=\"noopener noreferrer\" data-saferedirecturl=\"https:\/\/www.google.com\/url?q=https:\/\/www.usc-dolorssabate.es\/wp-content\/uploads\/2021\/01\/Bettina-von-Arnim.-Entre-el-Volksk%25C3%25B6nigtum-y-el-activismo-social.pdf&amp;source=gmail&amp;ust=1612182887602000&amp;usg=AFQjCNHWhb03UEVt121ZZ3XLAW28e3a3Xg\" data-mt-detrack-inspected=\"true\" data-mt-detrack-attachment-inspected=\"true\">Bettina von Arnim: Entre el Volksk\u00f6nigtum y el activismo social<\/a>.<\/strong><\/span> En: Vinardell, Teresa; Montan\u00e9, Anna; Pfeiffer, Michael (eds.). <i>\u201eWas mich wirklich interessiert\u201d. Homenatge a Jordi Jan\u00e9 Carb\u00f3<\/i>. \u00a0Documenta Universitaria. Edici\u00f3 F\u00f2rum. Universitat de Barcelona, 2011, 443 \u2013 450.<\/h3>\n<\/li>\n<li style=\"text-align: justify;\">\n<h3 style=\"text-align: justify;\"><span style=\"font-weight: 400;\"><strong><span style=\"color: #1441c9;\"><a style=\"color: #1441c9;\" href=\"https:\/\/www.usc-dolorssabate.es\/wp-content\/uploads\/2021\/01\/La-infranqueabilidad-del-t\u00f3pico.pdf\">\u201cLa infranqueabilidad del t\u00f3pico. Ram\u00f3n del Valle-Incl\u00e1n en Alemania\u201d<\/a><\/span>.<\/strong> En: Santos Zas, Margarita (ed.). <\/span><i>Theatralia. Valle-Incl\u00e1n y el Gran Teatro del Mundo<\/i><span style=\"font-weight: 400;\">. Academia del Hispanismo, 2011, 167 \u2013 180.<\/span><\/h3>\n<\/li>\n<li style=\"text-align: justify;\">\n<h3 style=\"text-align: justify;\"><span style=\"color: #1441c9;\"><strong>\u201cDie Ausl\u00f6sung des Unheimlichen in Gertrud Kolmars <i>Susanna<\/i><\/strong><\/span><span style=\"font-weight: 400;\"><strong><span style=\"color: #1441c9;\">\u201d<\/span>.<\/strong> En: <\/span><span style=\"font-weight: 400;\">Sabat\u00e9 Planes, <\/span><span style=\"font-weight: 400;\">Dolors; <\/span><span style=\"font-weight: 400;\">Feij\u00f3o, <\/span><span style=\"font-weight: 400;\">Jaime (ed.). <\/span><i>Apropos Avantgarde. Neue Einblicke nach einhundert Jahren<\/i><span style=\"font-weight: 400;\">. Frank &amp; Timme. Berlin, 2011, 30 \u2013 41. <\/span><\/h3>\n<\/li>\n<li>\n<h3 style=\"text-align: justify;\"><strong><span style=\"color: #0000ff;\"><a style=\"color: #0000ff;\" href=\"https:\/\/www.usc-dolorssabate.es\/wp-content\/uploads\/2021\/01\/Del-amor-y-la-inmortalidad.pdf\"><span style=\"color: #1441c9;\">Del amor y la inmortalidad:\u00a0<i>Goethes Briefwechsel mit einem Kinde<\/i> de Bettina von Arnim.<\/span><\/a> <\/span><\/strong>En: Ordu\u00f1a, Javier; Siguan, Marisa (coord.). <strong><i>Perspectivas hisp\u00e1nicas sobre la lengua y la literatura alemanas. Homenatge a Roberto Corcoll<\/i><\/strong><strong>.<\/strong> Universitat de Barcelona, 2011, 445 \u2013 460.<\/h3>\n<\/li>\n<li>\n<h3 style=\"text-align: justify;\"><strong>Wenn Mirjam an die gl\u00e4serne Decke st\u00f6\u03b2t.<\/strong> En: Schulz, Marion; Sabat\u00e9, Dolors (Hrgs.). <em>Literatur von Frauen und gl\u00e4serne Decke<\/em>. Peter Lang, Inter-Lit. Frankfurt\/M, 2010, 40 \u2013 51.<\/h3>\n<\/li>\n<\/ul>\n<\/div><div class=\"fusion-clearfix\"><\/div><\/div><\/div><\/div><\/div><div class=\"fusion-fullwidth fullwidth-box fusion-builder-row-2 nonhundred-percent-fullwidth non-hundred-percent-height-scrolling\" style=\"--awb-border-radius-top-left:0px;--awb-border-radius-top-right:0px;--awb-border-radius-bottom-right:0px;--awb-border-radius-bottom-left:0px;--awb-padding-right:20px;--awb-flex-wrap:wrap;\" ><div class=\"fusion-builder-row fusion-row\"><div class=\"fusion-layout-column fusion_builder_column fusion-builder-column-1 fusion_builder_column_1_1 1_1 fusion-one-full fusion-column-first fusion-column-last\" style=\"--awb-padding-right:50px;--awb-bg-size:cover;\"><div class=\"fusion-column-wrapper fusion-column-has-shadow fusion-flex-column-wrapper-legacy\"><div class=\"fusion-image-element fusion-image-align-left in-legacy-container\" style=\"text-align:left;--awb-caption-title-font-family:var(--h2_typography-font-family);--awb-caption-title-font-weight:var(--h2_typography-font-weight);--awb-caption-title-font-style:var(--h2_typography-font-style);--awb-caption-title-size:var(--h2_typography-font-size);--awb-caption-title-transform:var(--h2_typography-text-transform);--awb-caption-title-line-height:var(--h2_typography-line-height);--awb-caption-title-letter-spacing:var(--h2_typography-letter-spacing);\"><span class=\" fusion-imageframe imageframe-none imageframe-1 hover-type-none btnleer\" style=\"margin-right:25px;float:left;\" id=\"btnleer\"><a class=\"fusion-no-lightbox\" href=\"https:\/\/www.usc-dolorssabate.es\/index.php\/otras-publicaciones-2\/\" target=\"_self\" aria-label=\"leer-mas\"><img decoding=\"async\" width=\"75\" height=\"27\" src=\"https:\/\/www.usc-dolorssabate.es\/wp-content\/uploads\/2019\/06\/leer-mas.jpg\" alt class=\"img-responsive wp-image-268\"\/><\/a><\/span><\/div><div class=\"fusion-clearfix\"><\/div><\/div><\/div><\/div><\/div><\/p>\n","protected":false},"excerpt":{"rendered":"","protected":false},"author":1,"featured_media":0,"parent":0,"menu_order":0,"comment_status":"closed","ping_status":"closed","template":"","meta":{"footnotes":""},"class_list":["post-62","page","type-page","status-publish","hentry"],"_links":{"self":[{"href":"https:\/\/www.usc-dolorssabate.es\/index.php\/wp-json\/wp\/v2\/pages\/62","targetHints":{"allow":["GET"]}}],"collection":[{"href":"https:\/\/www.usc-dolorssabate.es\/index.php\/wp-json\/wp\/v2\/pages"}],"about":[{"href":"https:\/\/www.usc-dolorssabate.es\/index.php\/wp-json\/wp\/v2\/types\/page"}],"author":[{"embeddable":true,"href":"https:\/\/www.usc-dolorssabate.es\/index.php\/wp-json\/wp\/v2\/users\/1"}],"replies":[{"embeddable":true,"href":"https:\/\/www.usc-dolorssabate.es\/index.php\/wp-json\/wp\/v2\/comments?post=62"}],"version-history":[{"count":20,"href":"https:\/\/www.usc-dolorssabate.es\/index.php\/wp-json\/wp\/v2\/pages\/62\/revisions"}],"predecessor-version":[{"id":1645,"href":"https:\/\/www.usc-dolorssabate.es\/index.php\/wp-json\/wp\/v2\/pages\/62\/revisions\/1645"}],"wp:attachment":[{"href":"https:\/\/www.usc-dolorssabate.es\/index.php\/wp-json\/wp\/v2\/media?parent=62"}],"curies":[{"name":"wp","href":"https:\/\/api.w.org\/{rel}","templated":true}]}}