{"id":620,"date":"2019-05-20T20:00:07","date_gmt":"2019-05-20T18:00:07","guid":{"rendered":"https:\/\/www.usc-dolorssabate.es\/?page_id=620"},"modified":"2026-01-05T12:42:28","modified_gmt":"2026-01-05T11:42:28","slug":"projects","status":"publish","type":"page","link":"https:\/\/www.usc-dolorssabate.es\/index.php\/en\/projects\/","title":{"rendered":"projects"},"content":{"rendered":"<div class=\"fusion-fullwidth fullwidth-box fusion-builder-row-1 nonhundred-percent-fullwidth non-hundred-percent-height-scrolling\" style=\"--awb-border-radius-top-left:0px;--awb-border-radius-top-right:0px;--awb-border-radius-bottom-right:0px;--awb-border-radius-bottom-left:0px;--awb-flex-wrap:wrap;\" ><div class=\"fusion-builder-row fusion-row\"><div class=\"fusion-layout-column fusion_builder_column fusion-builder-column-0 fusion_builder_column_1_1 1_1 fusion-one-full fusion-column-first fusion-column-last\" style=\"--awb-bg-size:cover;\"><div class=\"fusion-column-wrapper fusion-column-has-shadow fusion-flex-column-wrapper-legacy\"><div class=\"fusion-text fusion-text-1\"><hr \/>\n<ul>\n<li>\n<h3 style=\"text-align: justify;\"><strong style=\"text-align: justify; font-size: 16px;\"><span style=\"color: #14419c;\"><a style=\"color: #14419c;\" href=\"https:\/\/esprelit.web.uah.es\/\">ESPRELIT &#8211; Escenarios de precariedad, violencia y vulnerabilidad en la literatura actual en lengua alemana<\/a>. <\/span><\/strong><span style=\"font-weight: 400;\">Ref. CM\/DEMG\/2024-017, Irina Ursachi (<\/span><span style=\"font-weight: 400; font-size: 16px;\">Principal <\/span><span style=\"font-weight: 400;\">Investigator ). Public Call Project funded by the Community of Madrid. Amount: 59,800. Additional researchers: Dolors Sabat\u00e9 Planes, Silos Ribas, Lorena Beatriz; Bascoy Lamelas, Montserrat; Bescansa Leir\u00f3s, Mar\u00eda do Carmen; G\u00f3mez Pato, Rosa Marta; Roca Ara\u00f1\u00f3, Francisca. Duration: 01\/01\/2025-31\/12\/2026.<\/span><\/h3>\n<\/li>\n<li>\n<h3 style=\"text-align: justify;\"><span style=\"color: #000000;\"><strong>HERITAGE-ED: Educational Innovation and Heritage Digitization for Regional Cohesion and Sustainable Development (Caucasus-Central Asia- Europe) <\/strong><\/span><span style=\"font-weight: 400;\"><span style=\"color: #000000;\"><strong>Capacity Building Actions.<\/strong> <\/span>Call 2025. In collaboration with the following universities:<\/span> <span style=\"font-weight: 400;\">Akhmet Baitursynuly Kostanay Regional University (ABKRU) \u2013 Kazakhstan, Eurasia International University (EIU) \u2013 Armenia, International Information Technology University (IITU) \u2013 Kazakhstan, Kazakh Ablaykhan University of International Relations and World Languages (KAUIR&amp;WL) \u2013 Kazakhstan, New University Lisbon (UNL) \u2013 Portugal, NGO La Rep\u00fablica de la Felicidad &#8211; Armenia (LRDLF), Samarkand State Institute of Foreign Languages (SamSIFL) \u2013 Uzbekistan, University of Santiago de Compostela (USC) (Coordinator) \u2013 Spain, Urganch State Pedagogical Institute (UrSPI) \u2013 Uzbekistan, Urganch State University (UrSU) \u2013 Uzbekistan, Yerevan State University (YSU) \u2013 Armenia.<\/span><\/h3>\n<\/li>\n<li>\n<h3 style=\"text-align: justify;\"><span style=\"color: #1441c9;\"><a style=\"color: #1441c9;\" href=\"https:\/\/usc-litlin.eu\/en\/home-english\/\"><strong>Transdisciplinary Approaches and Digital Tools in the Study of European Languages and Cultures.<\/strong><\/a><\/span> 2022. (Ref. GPC 1954). Coordinator <span style=\"font-weight: 400;\">\u2013 <\/span>Funded by the Regional Government of Galicia, Directorate General for Scientific and Technological Promotion. Consolidation Program for High-Growth Potential Groups. Duration: 2022 &#8211; 2025.<\/h3>\n<\/li>\n<li>\n<h3 style=\"text-align: justify;\"><strong><span style=\"color: #0000ff;\"><a style=\"color: #0000ff;\" href=\"https:\/\/usc-vitruvia.es\/omeka\/home-de\"><span style=\"color: #1441c9;\">ExFemLiOn<\/span><\/a><\/span>. Online Corpus of Female Authors and Autobiographical Texts of the German-Speaking Exile. <\/strong>2016. Principal investigator <span style=\"font-weight: 400;\">\u2013<\/span> Funded by the Spanish Ministry of Science and Technology. National Programme for Excellence in Scientific and Technical Research and the European Region Development Fund. Duration: 2016 <span style=\"font-weight: 400;\">\u2013<\/span> 2019.<\/h3>\n<\/li>\n<li>\n<h3 style=\"text-align: justify;\"><strong>Principal investigator of the <span style=\"color: #1441c9;\"><a style=\"color: #1441c9;\" href=\"https:\/\/investigacion.usc.gal\/grupos\/4732\/detalle?lang=es\">Research Group\u00a0<\/a>LitLin.<\/span><\/strong> 2009. (Ref. GPC 1954) \u2013\u00a0Funded by the Regional Government of Galicia, General Directorate for Scientific and Technological Promotion. Consolidation Program for High-Growth Potential Groups. Duration: 2009\u00a0\u2013\u00a02017.<\/h3>\n<\/li>\n<li>\n<h3 style=\"text-align: justify;\"><b><span style=\"color: #1441c9;\"><a style=\"color: #1441c9;\" href=\"https:\/\/investigacion.usc.gal\/proyectos\/34004\/detalle?lang=es\">Mobility, Women, and Autofiction: A Study of Mobility in German-Language Female Autobiographical Fiction from a Gender Perspective.<\/a><\/span>\u00a0<\/b>2015 (2015-PN041). Principal investigator<em>.<\/em> Ref.FEM2015-71909-REDT. MINECO <span style=\"font-weight: 400;\">\u2013<\/span> Funded by the Spanish Ministry of Science and Technology. National Programme for Excellence in Scientific and Technical Research and the European Region Development Fund \u2013 Plan Estatal (2013-2016). <span style=\"font-weight: 400;\">Duration: 2015 \u2013 2017.<\/span><\/h3>\n<\/li>\n<li>\n<h3 style=\"text-align: justify;\"><strong>Autobiographical Writing of Jewish-German Women Writers (19th and 20th Centuries).\u00a0<\/strong>(2012-PN112). Ref.FEM2012-31274. PN. Principal investigator \u2013 Funded by the Spanish Ministry of Science and Technology. National Programme for Excellence in Scientific and Technical Research and the European Region Development Fund \u2013 philology and philosophy. Duration: 2013 \u2013 2015.<\/h3>\n<\/li>\n<li>\n<h3 style=\"text-align: justify;\"><b>Judaism and Femininity: Representation of Gender and Culture in Conflict in Modern and Contemporary German Literature.<\/b> 2009. Principal investigator\u00a0\u2013Funded by the Spanish Ministry of Science and Technology. National Programme for Excellence in Scientific and Technical Research and the European Region Development Fund. Duration: 2009 \u2013 2012<\/h3>\n<\/li>\n<li>\n<h3 style=\"text-align: justify;\"><b>Narrative Texts Written by Women in German. (One four-year PhD research position \u2013 see PhD Supervision).\u00a0<\/b>(2005-PN094) Ref.HUM2005-00549. 5 PN &#8211; Humanities.\u00a0Principal investigator \u2013 Funded by the Spanish Ministry of Science and Technology. National Programme for Excellence in Scientific and Technical Research and the European Region Development Fund. Duration: 2005 \u2013 2008<\/h3>\n<\/li>\n<li>\n<h3 style=\"text-align: justify;\"><b><em>Stundenull<\/em> in Feminine: Female Writers in Postwar German Literature. One four-year PhD research position \u2013 see PhD Supervision).<\/b>\u00a0(2002-PN058) Ref.BFF2002-00860 4 PN &#8211; 2001-PGC. Principal investigator \u2013 Funded by the Spanish Ministry of Science and Technology. National Programme for Excellence in Scientific and Technical Research and the European Region Development Fund<b>. <\/b><span style=\"font-weight: 400;\">Duration: 2002 \u2013 2005.<\/span><\/h3>\n<\/li>\n<li>\n<h3 style=\"text-align: justify;\"><strong>Study and Translation into Galician of Short Narrative in German (1945 \u2013 1960). <span style=\"font-weight: 400;\">(1999-PG037) Ref.PGIDT99PXI20404A PGIDT \u2013 PXI (Programa Xeral de Investigaci\u00f3n).<\/span><\/strong> Principal investigator <span style=\"font-weight: 400;\">\u2013<\/span> Funded by the Spanish Ministry of Science and Technology. National Programme for Excellence in Scientific and Technical Research and the European Region Development Fund. Duration: 1999 \u2013 2001.<\/h3>\n<\/li>\n<\/ul>\n<\/div><div class=\"fusion-clearfix\"><\/div><\/div><\/div><\/div><\/div>\n","protected":false},"excerpt":{"rendered":"","protected":false},"author":1,"featured_media":0,"parent":0,"menu_order":0,"comment_status":"closed","ping_status":"closed","template":"","meta":{"footnotes":""},"class_list":["post-620","page","type-page","status-publish","hentry"],"_links":{"self":[{"href":"https:\/\/www.usc-dolorssabate.es\/index.php\/wp-json\/wp\/v2\/pages\/620","targetHints":{"allow":["GET"]}}],"collection":[{"href":"https:\/\/www.usc-dolorssabate.es\/index.php\/wp-json\/wp\/v2\/pages"}],"about":[{"href":"https:\/\/www.usc-dolorssabate.es\/index.php\/wp-json\/wp\/v2\/types\/page"}],"author":[{"embeddable":true,"href":"https:\/\/www.usc-dolorssabate.es\/index.php\/wp-json\/wp\/v2\/users\/1"}],"replies":[{"embeddable":true,"href":"https:\/\/www.usc-dolorssabate.es\/index.php\/wp-json\/wp\/v2\/comments?post=620"}],"version-history":[{"count":10,"href":"https:\/\/www.usc-dolorssabate.es\/index.php\/wp-json\/wp\/v2\/pages\/620\/revisions"}],"predecessor-version":[{"id":1641,"href":"https:\/\/www.usc-dolorssabate.es\/index.php\/wp-json\/wp\/v2\/pages\/620\/revisions\/1641"}],"wp:attachment":[{"href":"https:\/\/www.usc-dolorssabate.es\/index.php\/wp-json\/wp\/v2\/media?parent=620"}],"curies":[{"name":"wp","href":"https:\/\/api.w.org\/{rel}","templated":true}]}}