{"id":666,"date":"2019-05-20T20:00:32","date_gmt":"2019-05-20T18:00:32","guid":{"rendered":"https:\/\/www.usc-dolorssabate.es\/?page_id=666"},"modified":"2026-01-05T12:20:26","modified_gmt":"2026-01-05T11:20:26","slug":"congresos-ingles","status":"publish","type":"page","link":"https:\/\/www.usc-dolorssabate.es\/index.php\/en\/congresos-ingles\/","title":{"rendered":"congresos (ingles)"},"content":{"rendered":"<p><div class=\"fusion-fullwidth fullwidth-box fusion-builder-row-1 nonhundred-percent-fullwidth non-hundred-percent-height-scrolling\" style=\"--awb-border-radius-top-left:0px;--awb-border-radius-top-right:0px;--awb-border-radius-bottom-right:0px;--awb-border-radius-bottom-left:0px;--awb-flex-wrap:wrap;\" ><div class=\"fusion-builder-row fusion-row\"><div class=\"fusion-layout-column fusion_builder_column fusion-builder-column-0 fusion_builder_column_1_1 1_1 fusion-one-full fusion-column-first fusion-column-last\" style=\"--awb-bg-size:cover;\"><div class=\"fusion-column-wrapper fusion-column-has-shadow fusion-flex-column-wrapper-legacy\"><div class=\"fusion-text fusion-text-1\"><hr \/>\n<ul>\n<li>\n<h3 style=\"text-align: justify;\">\u201cFundamentos para la preparaci\u00f3n de un proyecto basado en microcredenciales dentro del programa Capacity Building\u201d.<strong> Horizonte Europa 2025. Congreso AEPE. <\/strong>State University Erevan, Armenia. 14\/04 &#8211; 05\/05\/2025.<\/h3>\n<\/li>\n<li>\n<h3 style=\"text-align: justify;\">\u201cLiterarische Darstellung von Wandel und Alter in Max Frischs <i>Der Mensch erscheint im Holoz\u00e4n<\/i>\u201d.<strong><i>VII. Internationale Tagung der deutschsprachigen Literatur an der Universit\u00e4t des Baskenlandes: Metamorphosen. Verwandlungsmetaphern in der Literatur. Eine Reflexion im Austausch mit anderen Wissenschaften und mit der Agenda 2030<\/i>. \u00a0<\/strong>Universidad de Vitoria, Espa\u00f1a. 24-27\/09\/2025.<\/h3>\n<\/li>\n<li style=\"text-align: left;\">\n<h3 style=\"text-align: justify;\">\u201cPaula Schlier und die \u2018Neue Frau\u2019. Zwischen Verzerrung und Aufbruch in der Weimarer Moderne\u201d.<strong><i>XVI Semana de estudios germ\u00e1nicos: Im S\u00ecegel-<\/i><i>F<\/i><i>rente al espejo<\/i><\/strong>. Universidade Complutense de Madrid. 12-14\/03\/2025.<\/h3>\n<\/li>\n<li>\n<h3 style=\"text-align: justify;\">\u201cTransforming Humanities Education: Integrating Technology to Enhance Learning and Cultural Understanding\u201d. International Conference <strong>Teaching social sciences and <\/strong><strong>humanities through modern pedagogical technologies: challenges and innovative solutions<\/strong><strong>. <\/strong>Pedagogical State University. Urgench, Uzbekistan, 24. \u2013 25. 03. 2025.<\/h3>\n<\/li>\n<li>\n<h3 style=\"text-align: justify;\">\u201cRebuilding the Female Diaspora in German-Language Literature: ExFemLiOn\u201d. <strong>Seminar Dariah \u2013 Working Group. Networks of Women Writers in History<\/strong>. Univesidade Cat\u00f3lica de Lisboa, Portugal, 23. 06. 2025.<\/h3>\n<\/li>\n<li>\n<h3 style=\"text-align: justify;\">\u201eStrategien der Selbstgestaltung auf K\u00fcnstlerinnenreisen: Erna Pinner und Aurora Bertrana\u201d. <strong>Seminario internacional.<\/strong> <strong>Reiseansichten. K\u00fcnstler:innen und Forscher:innen auf Reisen.<\/strong> Albert-Ludwigs-Univesit\u00e4t Freiburg, 02. \u2013 04. 05. 2024.<\/h3>\n<\/li>\n<li>\n<h3 style=\"text-align: justify;\">\u201eAuf dem Weg zur Postmemory?: <em>Wie der Soldat das Grammofon repariert <\/em>(2006) von \u00a0Sa\u0161a Stani\u0161i\u0107\u201d.<strong> XVIII. Internationaler Kongress der Goethe-Gesellschaft in Spanien Widerl\u00e4ufige Erinnerung(en). Deutschsprachige Ged\u00e4chtnisliteratur im Spiegel der aktuellen Debatten. <\/strong>Universidad de Alcal\u00e1. Espa\u00f1a, 16. \u2013 18. 11. 2023.<\/h3>\n<\/li>\n<li>\n<h3 style=\"text-align: justify;\">\u201cEl disciplinamiento de la alteridad en el Bildungsroman\u201d. <strong>Congreso internacional Otra educaci\u00f3n sentimental. Relatos de construcciones no normativas. <\/strong>Universidad Complutense de Madrid. Espa\u00f1a, 13. \u2013 14. 11. 2023.<\/h3>\n<\/li>\n<li>\n<h3 style=\"text-align: justify;\">\u201e<em>Konstellationen der popul\u00e4ren naturalistischen Literatur bei Erna Pinner (1890\u20131987) und Julian Huxley (1887\u20131975)<\/em>\u201d<em>.\u00a0<\/em><strong>BASF Lectures. <\/strong>Queen Mary University of London. Centre for Anglo-German Cultural Relations, Abril 2023.<em><br \/>\n<\/em><\/h3>\n<\/li>\n<li>\n<h3 style=\"text-align: justify;\">\u201cErna Pinner\u00b4s Graphic and Literary Production: An Example of Cultural and Ideological Transference\u00bb. <strong>Escuela de Estudios Avanzados. <\/strong>Universidad de Londres, 29. 06. 2022.<\/h3>\n<\/li>\n<li>\n<h3 style=\"text-align: justify;\">\u201eDer Blick des Exilierten auf das Amerika der offenen Adern: <em>Entdeckungen in Mexico <\/em>(1944) von Egon Erwin Kisch\u201d. <strong>29th Conference of SAGV: \u201cSoziale Umwelt\u201d. <\/strong>Universidad del Cabo Occidental. Sud\u00e1frica, 11. \u2013 13. 04. 2022.<\/h3>\n<\/li>\n<li>\n<h3 style=\"text-align: justify;\">\u201eWir Menschen bringen es leider fertig, unserer gemeinsamen und einzigen Welt zahlreiche Wunden zu schlagen. Hybridisierung und Utopie bei Lenka Reinerov\u00e1\u201d. <strong>Cruzando fronteras. Literatura, hibridismo y transculturalidad. <\/strong>Universidad de Sevilla. Espa\u00f1a, 08. \u2013 09. 09. 2022.<\/h3>\n<\/li>\n<li>\n<h3 style=\"text-align: justify;\">\u201eBild und Schrift im erz\u00e4hlerischen Werk Erna Pinners\u201d.<strong> XIV Kongress der internationalen Vereinigung f\u00fcr Germanistik.<\/strong> Palermo, Italy, 26. 07 \u2013 02. 08. 2020.<\/h3>\n<\/li>\n<li>\n<h3 style=\"text-align: justify;\">\u201cMagical Realism in Ilse Aichinger\u00b4s short stories\u201d. <b>Between Departure and Arrival. Re-Assesting the work of Ilse Aichinger and Helga Michie<\/b>. Institut of Modern Languages Research. Londres, 15. \u2013 17. 01. 2020.<\/h3>\n<\/li>\n<li>\n<h3>\u201eReiseberichte als Machtdiskurse. Kasimir Edschmids Reiseromane\u201d. <b>Literatur und Politik.<\/b> Cracovia, 06. \u2013 07. 04. 2019.<\/h3>\n<\/li>\n<li>\n<h3 style=\"text-align: justify;\">\u201eNeue Ans\u00e4tze in der Literaturvermittlung. Kulturwissenschaftliche Perspektiven auf die Exilliteratur\u201d. <b>Fokus DaF\/DaZ. Gegenw\u00e4rtige Tendenzen in der Forschung und Lehre<\/b>. Amman, 11. \u2013 12. 03. 2019.<\/h3>\n<\/li>\n<li>\n<h3 style=\"text-align: justify;\">\u201eZwischenr\u00e4ume gestalten: Zeit und Raum in der Kurzprosa Lenka Reinerov\u00e1\u201d<b>. Slawisch \u2013 Deutsche Begegnungen in der Literatur, Sprache und Kultur. <\/b>Cracovia, 18 \u2013 20. 10. 2018.<\/h3>\n<\/li>\n<li>\n<h3 style=\"text-align: justify;\"><i>\u201e<\/i>Imagin\u00e4re Br\u00fccke. Autobiographisches Ged\u00e4chnis und Exilerfahrung in Lenka Reinerov\u00e1s Werk\u201d. <b>Fakten und Fiktionen im Zwischenraum<\/b>. Hildesheim, 20 \u2013 22. 06. 2018.<\/h3>\n<\/li>\n<li>\n<h3 style=\"text-align: justify;\">\u201eSpanien als \u00e4sthetischer und kultureller Raumentwurf bei Rilke\u201d. <b>XI Internationaler Kongress der Geschellschaft der Germanisten Rum\u00e4niens<\/b>. Oradea, 04. \u2013 07. 06. 2018.<\/h3>\n<\/li>\n<li>\n<h3>\u201eDas Innere des Himmels. El Greco und Rilke\u201d. <b>Literatur und Malerei. <\/b>Varsovia,\u00a0 01. \u2013 02. 04. 2017.<\/h3>\n<\/li>\n<li>\n<h3 style=\"text-align: justify;\"><i>\u201eImagin\u00e4re Br\u00fccke. Autobiographisches Ged\u00e4chtnis und Exilerfahrung in Lenka Reinerov\u00e1s Werk\u201d. <\/i><b>XVI Congreso de la Asociaci\u00f3n Latinoamericana de Estudios German\u00edsticos. German\u00edstica en Latinoam\u00e9rica: nuevas orientaciones \u2013 nuevas perspectivas<\/b><b><i>. <\/i><\/b>\u00a0Buenos Aires, 21. 11. \u2013 01. 12. 2017.<\/h3>\n<\/li>\n<li>\n<h3 style=\"text-align: justify;\">\u201eZiel des Lebens ist am Leben zu bleiben. La obra de exilio de Erna Pinner (1890 \u2013 1987)\u201d. <b>XIII Congreso de la Sociedad Goethe en Espa\u00f1a. Narrationen in Bewegung: Deutschsprachige Literatur und Migration<\/b>. Oviedo, 08. \u2013 10. 03. 2017.<\/h3>\n<\/li>\n<li>\n<h3 style=\"text-align: justify;\">\u201e<i>Glanz und Elend S\u00fcdamerikas<\/i> de Kasimir Edschmid\u201d. <b>Paisajes espa\u00f1oles. Topograf\u00eda cultural en la literatura de viajes alemana. <\/b>Valencia, 20. \u2013 22. 03. 2016.<\/h3>\n<\/li>\n<li>\n<h3 style=\"text-align: justify;\"><i>\u201e<\/i>Fakten und Fiktionen: Zu den autobiographischen Schriften von Kasimir Edschmid\u201d. <b>Fakten, Fiktionen und Fact-Fictions<\/b>. Salamanca, 03. \u2013 05. 10. 2016.<\/h3>\n<\/li>\n<li>\n<h3 style=\"text-align: justify;\">\u201cCuriosas Criaturas: Hibridismo y memoria en la obra de exilio de Erna Pinner<b>\u201d<\/b>. <b>XII Congreso Internacional de la Sociedad Goethe en Espa\u00f1a. \u201cDas was war, Das was ist, Das was kommen wird\u201d<\/b>. Sevilla, 14. \u2013 16. 10. 2015.<\/h3>\n<\/li>\n<li>\n<h3 style=\"text-align: justify;\">\u201cLiteratura sin fronteras: la experiencia intercultural en la narrative de Erna Pinner y Kasimir Edschmid.\u201d <b>XIV Semana de Estudios Germ\u00e1nicos.<\/b> Madrid, 25. \u2013 27. 11. 2015.<\/h3>\n<\/li>\n<li>\n<h3 style=\"text-align: justify;\">\u201eGelebte Geschichte in Erna Pinners autobigraphischen Schriften\u201d. <b>XXVII Tagung Germanistienverband im S\u00fcdlichen Afrika. <\/b>Windhoeck, 29.03. \u2013 01. 04. 2015.<\/h3>\n<\/li>\n<li>\n<h3><i>\u201eIm Exil \u00fcberleben: Erna Pinners k\u00fcnstlerisches Werk in England\u201d. <\/i><b>Gender and Exile. <\/b>Londres, 17. \u2013 19. 09. 2014. <b>\u00a0<\/b><\/h3>\n<\/li>\n<li>\n<h3 style=\"text-align: justify;\">\u201eValle-Incl\u00e1ns Blick aus der Sternen. Die Aktualit\u00e4t des Esperpentos\u201d. <b>Poetiken des Verschwindens. Aussteigen \u2013 Nicht(s)tun \u2013 Reisen in Literatur und Film der Gegenwart.<\/b> Freiburg Institute for Advanced Studies (FRIAS). Freiburg, 30. \u2013 31. 10. 2014.<\/h3>\n<\/li>\n<li>\n<h3 style=\"text-align: justify;\">\u201eAfrika nackt und angezogen. Fremdheit und Armut in Erna Pinners Reiseberichten<i>\u201d. <\/i><b>Armut. Gender-Perspektiven ihrer Bew\u00e4ltigung in Geschichte und Gegenwart. <\/b>Dresden, 28. \u2013 29. 11. 2013.<\/h3>\n<\/li>\n<li>\n<h3 style=\"text-align: justify;\"><i>\u201eErna Pinners autobiographische Reiseberichte\u201d.<\/i><b> Autobiographisches Schreiben von Frauen (1900 \u2013 1950). Theoretische Ans\u00e4tze und Paxis.<\/b> Alcal\u00e1 de Henares, 17. \u2013 18. 2013.<\/h3>\n<\/li>\n<li>\n<h3 style=\"text-align: justify;\">\u201eAutobiographical writing of Judeo-German women\u201d. <b>Third Biennial Duke German-Jewish Studies Workshop.<\/b> Durham, 10. \u2013 12. 02. 2013.<\/h3>\n<\/li>\n<li>\n<h3>\u201e\u00dcberlegungen zu Gertrud Kolmar (1894 \u2013 1943?)\u201d. <b>Autobiographische Literatur von deutsch-j\u00fcdischen Autorinnen<\/b>. Porto, 25. \u2013 26. 05. 2012.<\/h3>\n<\/li>\n<li>\n<h3 style=\"text-align: justify;\">\u201eDie Entwicklung der Gattungstheorie am Beispiel der Autobiographie\u201d. <b>VIII Congreso Internacional de Estudios Filol\u00f3gicos Alemanes.<\/b> Sevilla, 17. \u2013 19. 12. 2012.<\/h3>\n<\/li>\n<li>\n<h3 style=\"text-align: justify;\">\u201eModi des Wandels in der Dichtung Gertrud Kolmars\u201d. <b>3. Internationaler Kongress der Germanistischen Abteilung der Kairo Universit\u00e4t<\/b>. El Cairo, 27. \u2013 29. 03. 2012.<\/h3>\n<\/li>\n<li>\n<h3 style=\"text-align: justify;\">\u201eDie Sprache des Schweigens im literarischen Text\u201d. <b>Text und Sprache unter neuen Perspektiven<\/b>. Cracovia, 26. \u2013 28. 05. 2011.<\/h3>\n<\/li>\n<li>\n<h3 style=\"text-align: justify;\">\u201eInterkulturelle Dimension in autobiographischen Texten deutsch-j\u00fcdischer Schriftstellerinnen\u201d. <b>Interkulturelle Dimension im linguistischen, historischen und kulturellen Kontext<\/b>. Pardubice, 07. \u2013 08. 10. 2011.<\/h3>\n<\/li>\n<li>\n<h3>\u201ePoetik der Alterit\u00e4t bei Gertrud Kolmar\u201d. <b>International Conference. Fremd unter den Menschen. Die Dichterin Gertrud Kolmar.<\/b> Anna Amalia und Goethe Akademie zu Weimar. 18. \u2013 21. 03. 2010.<\/h3>\n<\/li>\n<\/ul>\n<\/div><div class=\"fusion-clearfix\"><\/div><\/div><\/div><\/div><\/div><div class=\"fusion-fullwidth fullwidth-box fusion-builder-row-2 nonhundred-percent-fullwidth non-hundred-percent-height-scrolling\" style=\"--awb-border-radius-top-left:0px;--awb-border-radius-top-right:0px;--awb-border-radius-bottom-right:0px;--awb-border-radius-bottom-left:0px;--awb-flex-wrap:wrap;\" ><div class=\"fusion-builder-row fusion-row\"><div class=\"fusion-layout-column fusion_builder_column fusion-builder-column-1 fusion_builder_column_1_1 1_1 fusion-one-full fusion-column-first fusion-column-last\" style=\"--awb-bg-size:cover;\"><div class=\"fusion-column-wrapper fusion-column-has-shadow fusion-flex-column-wrapper-legacy\"><div class=\"fusion-image-element in-legacy-container\" style=\"--awb-caption-title-font-family:var(--h2_typography-font-family);--awb-caption-title-font-weight:var(--h2_typography-font-weight);--awb-caption-title-font-style:var(--h2_typography-font-style);--awb-caption-title-size:var(--h2_typography-font-size);--awb-caption-title-transform:var(--h2_typography-text-transform);--awb-caption-title-line-height:var(--h2_typography-line-height);--awb-caption-title-letter-spacing:var(--h2_typography-letter-spacing);\"><span class=\" fusion-imageframe imageframe-none imageframe-1 hover-type-none btnleer\" id=\"btnleer\"><a class=\"fusion-no-lightbox\" href=\"https:\/\/www.usc-dolorssabate.es\/index.php\/en\/congresos-2-ingles\/\" target=\"_self\"><img decoding=\"async\" src=\"https:\/\/www.usc-dolorssabate.es\/wp-content\/uploads\/2025\/02\/More-1-e1739794116876.png\" alt class=\"img-responsive wp-image-1140\"\/><\/a><\/span><\/div><div class=\"fusion-clearfix\"><\/div><\/div><\/div><\/div><\/div><\/p>\n","protected":false},"excerpt":{"rendered":"","protected":false},"author":1,"featured_media":0,"parent":0,"menu_order":0,"comment_status":"closed","ping_status":"closed","template":"","meta":{"footnotes":""},"class_list":["post-666","page","type-page","status-publish","hentry"],"_links":{"self":[{"href":"https:\/\/www.usc-dolorssabate.es\/index.php\/wp-json\/wp\/v2\/pages\/666","targetHints":{"allow":["GET"]}}],"collection":[{"href":"https:\/\/www.usc-dolorssabate.es\/index.php\/wp-json\/wp\/v2\/pages"}],"about":[{"href":"https:\/\/www.usc-dolorssabate.es\/index.php\/wp-json\/wp\/v2\/types\/page"}],"author":[{"embeddable":true,"href":"https:\/\/www.usc-dolorssabate.es\/index.php\/wp-json\/wp\/v2\/users\/1"}],"replies":[{"embeddable":true,"href":"https:\/\/www.usc-dolorssabate.es\/index.php\/wp-json\/wp\/v2\/comments?post=666"}],"version-history":[{"count":9,"href":"https:\/\/www.usc-dolorssabate.es\/index.php\/wp-json\/wp\/v2\/pages\/666\/revisions"}],"predecessor-version":[{"id":1635,"href":"https:\/\/www.usc-dolorssabate.es\/index.php\/wp-json\/wp\/v2\/pages\/666\/revisions\/1635"}],"wp:attachment":[{"href":"https:\/\/www.usc-dolorssabate.es\/index.php\/wp-json\/wp\/v2\/media?parent=666"}],"curies":[{"name":"wp","href":"https:\/\/api.w.org\/{rel}","templated":true}]}}